{"id":68,"date":"2013-03-11T19:05:41","date_gmt":"2013-03-11T18:05:41","guid":{"rendered":"http:\/\/www.loicnicoloff.com\/V3\/?page_id=68"},"modified":"2022-06-08T21:14:37","modified_gmt":"2022-06-08T20:14:37","slug":"contact","status":"publish","type":"page","link":"https:\/\/www.loicnicoloff.com\/?page_id=68","title":{"rendered":"Me contacter&#8230;"},"content":{"rendered":"<p>[vc_row][vc_column][vc_column_text]<\/p>\n<pre>Pour tout contact professionnel, n'h\u00e9sitez pas \u00e0 joindre mon agent, <a href=\"mailto:contact@jr-talents.com\" target=\"_blank\" rel=\"noopener\">Jocelyne RESNEAU\n<\/a><\/pre>\n<pre><a href=\"http:\/\/www.jocelyneresneau.com\/agence-artistique-auteurs.php\"><img decoding=\"async\" loading=\"lazy\" class=\"aligncenter wp-image-1185 size-full\" src=\"http:\/\/www.loicnicoloff.com\/wp-content\/uploads\/2013\/03\/JocelyneResneau-Logo-e1509198259789.png\" alt=\"\" width=\"120\" height=\"107\" \/><\/a><\/pre>\n<pre>Sinon, vous qui passez par l\u00e0, n'h\u00e9sitez pas \u00e0 me laisser un petit message... \n(citation tir\u00e9e d'un film... celui qui trouve gagnera tout mon estime)<\/pre>\n<p>[\/vc_column_text][\/vc_column][\/vc_row][vc_row][vc_column width=\u00a0\u00bb1\/6&Prime;][\/vc_column][vc_column width=\u00a0\u00bb2\/3&Prime;]<div role=\"form\" class=\"wpcf7\" id=\"wpcf7-f1377-o1\" lang=\"fr-FR\" dir=\"ltr\">\n<div class=\"screen-reader-response\"><p role=\"status\" aria-live=\"polite\" aria-atomic=\"true\"><\/p> <ul><\/ul><\/div>\n<form action=\"\/index.php?rest_route=%2Fwp%2Fv2%2Fpages%2F68#wpcf7-f1377-o1\" method=\"post\" class=\"wpcf7-form init\" novalidate=\"novalidate\" data-status=\"init\">\n<div style=\"display: none;\">\n<input type=\"hidden\" name=\"_wpcf7\" value=\"1377\" \/>\n<input type=\"hidden\" name=\"_wpcf7_version\" value=\"5.5.6\" \/>\n<input type=\"hidden\" name=\"_wpcf7_locale\" value=\"fr_FR\" \/>\n<input type=\"hidden\" name=\"_wpcf7_unit_tag\" value=\"wpcf7-f1377-o1\" \/>\n<input type=\"hidden\" name=\"_wpcf7_container_post\" value=\"0\" \/>\n<input type=\"hidden\" name=\"_wpcf7_posted_data_hash\" value=\"\" \/>\n<\/div>\n<p><label> Votre nom (obligatoire)<br \/>\n    <span class=\"wpcf7-form-control-wrap your-name\"><input type=\"text\" name=\"your-name\" value=\"\" size=\"40\" class=\"wpcf7-form-control wpcf7-text wpcf7-validates-as-required\" aria-required=\"true\" aria-invalid=\"false\" \/><\/span> <\/label><\/p>\n<p><label> Votre adresse de messagerie (obligatoire)<br \/>\n    <span class=\"wpcf7-form-control-wrap your-email\"><input type=\"email\" name=\"your-email\" value=\"\" size=\"40\" class=\"wpcf7-form-control wpcf7-text wpcf7-email wpcf7-validates-as-required wpcf7-validates-as-email\" aria-required=\"true\" aria-invalid=\"false\" \/><\/span> <\/label><\/p>\n<p><label> Objet<br \/>\n    <span class=\"wpcf7-form-control-wrap your-subject\"><input type=\"text\" name=\"your-subject\" value=\"\" size=\"40\" class=\"wpcf7-form-control wpcf7-text\" aria-invalid=\"false\" \/><\/span> <\/label><\/p>\n<p><label> Votre message<br \/>\n    <span class=\"wpcf7-form-control-wrap your-message\"><textarea name=\"your-message\" cols=\"40\" rows=\"10\" class=\"wpcf7-form-control wpcf7-textarea\" aria-invalid=\"false\"><\/textarea><\/span> <\/label><\/p>\n<p><p class=\"cptch_block\"><script class=\"cptch_to_remove\">\r\n\t\t\t\t(function( timeout ) {\r\n\t\t\t\t\tsetTimeout(\r\n\t\t\t\t\t\tfunction() {\r\n\t\t\t\t\t\t\tvar notice = document.getElementById(\"cptch_time_limit_notice_8\");\r\n\t\t\t\t\t\t\tif ( notice )\r\n\t\t\t\t\t\t\t\tnotice.style.display = \"block\";\r\n\t\t\t\t\t\t},\r\n\t\t\t\t\t\ttimeout\r\n\t\t\t\t\t);\r\n\t\t\t\t})(120000);\r\n\t\t\t<\/script>\r\n\t\t\t<span id=\"cptch_time_limit_notice_8\" class=\"cptch_time_limit_notice cptch_to_remove\">Time limit is exhausted. Please reload the CAPTCHA.<\/span><span class=\"cptch_wrap cptch_math_actions\">\r\n\t\t\t\t<label class=\"cptch_label\" for=\"cptch_input_8\"><span class=\"cptch_span\"><input id=\"cptch_input_8\" class=\"cptch_input cptch_shortcode\" type=\"text\" autocomplete=\"off\" name=\"cptch_number\" value=\"\" maxlength=\"2\" size=\"2\" aria-required=\"true\" required=\"required\" style=\"margin-bottom:0;display:inline;font-size: 12px;width: 40px;\" \/><\/span>\r\n\t\t\t\t\t<span class=\"cptch_span\">&nbsp;&times;&nbsp;<\/span>\r\n\t\t\t\t\t<span class=\"cptch_span\">huit<\/span>\r\n\t\t\t\t\t<span class=\"cptch_span\">&nbsp;=&nbsp;<\/span>\r\n\t\t\t\t\t<span class=\"cptch_span\">24<\/span>\r\n\t\t\t\t\t<input type=\"hidden\" name=\"cptch_result\" value=\"G0o=\" \/><input type=\"hidden\" name=\"cptch_time\" value=\"1779009630\" \/>\r\n\t\t\t\t\t<input type=\"hidden\" name=\"cptch_form\" value=\"general\" \/>\r\n\t\t\t\t<\/label><span class=\"cptch_reload_button_wrap hide-if-no-js\">\r\n\t\t\t\t\t<noscript>\r\n\t\t\t\t\t\t<style type=\"text\/css\">\r\n\t\t\t\t\t\t\t.hide-if-no-js {\r\n\t\t\t\t\t\t\t\tdisplay: none !important;\r\n\t\t\t\t\t\t\t}\r\n\t\t\t\t\t\t<\/style>\r\n\t\t\t\t\t<\/noscript>\r\n\t\t\t\t\t<span class=\"cptch_reload_button dashicons dashicons-update\"><\/span>\r\n\t\t\t\t<\/span><\/span><\/p><\/p>\n<p><input type=\"submit\" value=\"Envoyer\" class=\"wpcf7-form-control has-spinner wpcf7-submit\" \/><\/p>\n<div class=\"wpcf7-response-output\" aria-hidden=\"true\"><\/div><\/form><\/div>[\/vc_column][vc_column width=\u00a0\u00bb1\/6&Prime;][\/vc_column][\/vc_row]<\/p>\n","protected":false},"excerpt":{"rendered":"<p>[vc_row][vc_column][vc_column_text] Pour tout contact professionnel, n&rsquo;h\u00e9sitez pas \u00e0 joindre mon agent, Jocelyne RESNEAU Sinon, vous qui passez par l\u00e0, n&rsquo;h\u00e9sitez pas \u00e0 me laisser un petit message&#8230; (citation tir\u00e9e d&rsquo;un film&#8230; celui qui trouve gagnera tout mon estime) [\/vc_column_text][\/vc_column][\/vc_row][vc_row][vc_column width=\u00a0\u00bb1\/6&Prime;][\/vc_column][vc_column width=\u00a0\u00bb2\/3&Prime;][\/vc_column][vc_column width=\u00a0\u00bb1\/6&Prime;][\/vc_column][\/vc_row]<\/p>\n","protected":false},"author":1,"featured_media":0,"parent":0,"menu_order":10,"comment_status":"closed","ping_status":"closed","template":"full-width.php","meta":[],"_links":{"self":[{"href":"https:\/\/www.loicnicoloff.com\/index.php?rest_route=\/wp\/v2\/pages\/68"}],"collection":[{"href":"https:\/\/www.loicnicoloff.com\/index.php?rest_route=\/wp\/v2\/pages"}],"about":[{"href":"https:\/\/www.loicnicoloff.com\/index.php?rest_route=\/wp\/v2\/types\/page"}],"author":[{"embeddable":true,"href":"https:\/\/www.loicnicoloff.com\/index.php?rest_route=\/wp\/v2\/users\/1"}],"replies":[{"embeddable":true,"href":"https:\/\/www.loicnicoloff.com\/index.php?rest_route=%2Fwp%2Fv2%2Fcomments&post=68"}],"version-history":[{"count":29,"href":"https:\/\/www.loicnicoloff.com\/index.php?rest_route=\/wp\/v2\/pages\/68\/revisions"}],"predecessor-version":[{"id":1798,"href":"https:\/\/www.loicnicoloff.com\/index.php?rest_route=\/wp\/v2\/pages\/68\/revisions\/1798"}],"wp:attachment":[{"href":"https:\/\/www.loicnicoloff.com\/index.php?rest_route=%2Fwp%2Fv2%2Fmedia&parent=68"}],"curies":[{"name":"wp","href":"https:\/\/api.w.org\/{rel}","templated":true}]}}