{"id":645,"date":"2013-08-09T10:01:33","date_gmt":"2013-08-09T09:01:33","guid":{"rendered":"http:\/\/www.loicnicoloff.com\/?page_id=645"},"modified":"2018-02-11T15:54:59","modified_gmt":"2018-02-11T14:54:59","slug":"bio-filmo","status":"publish","type":"page","link":"https:\/\/www.loicnicoloff.com\/?page_id=645","title":{"rendered":"Parcours"},"content":{"rendered":"<p>[vc_row][vc_column][vc_column_text]<\/p>\n<p><a href=\"http:\/\/www.loicnicoloff.com\/?attachment_id=1127\" rel=\"attachment wp-att-1127\"><img decoding=\"async\" loading=\"lazy\" class=\"size-medium wp-image-1127 alignright\" src=\"http:\/\/www.loicnicoloff.com\/wp-content\/uploads\/2013\/08\/Zoic_Sept2016b-300x214.jpg\" alt=\"\" width=\"300\" height=\"214\" srcset=\"https:\/\/www.loicnicoloff.com\/wp-content\/uploads\/2013\/08\/Zoic_Sept2016b-300x214.jpg 300w, https:\/\/www.loicnicoloff.com\/wp-content\/uploads\/2013\/08\/Zoic_Sept2016b-768x548.jpg 768w, https:\/\/www.loicnicoloff.com\/wp-content\/uploads\/2013\/08\/Zoic_Sept2016b-1024x731.jpg 1024w, https:\/\/www.loicnicoloff.com\/wp-content\/uploads\/2013\/08\/Zoic_Sept2016b-392x280.jpg 392w, https:\/\/www.loicnicoloff.com\/wp-content\/uploads\/2013\/08\/Zoic_Sept2016b.jpg 1176w\" sizes=\"(max-width: 300px) 100vw, 300px\" \/><\/a>Touche-\u00e0-tout insatiable,\u00a0Lo\u00efc NICOLOFF r\u00eave de cin\u00e9ma depuis <i>L\u2019empire contre-attaque<\/i>, premier film d\u00e9couvert sur grand \u00e9cran \u00e0 6 ans. Se nourrissant de litt\u00e9rature fantastique et de SF, admirateur de l\u2019\u0153uvre de Terry Pratchett, il commence \u00e0 \u00e9crire des sc\u00e9narios en 1998 et remporte le marathon d\u2019\u00e9criture en 24h du 1<sup>er<\/sup> Festival des Sc\u00e9naristes \u00e0 La Ciotat cette m\u00eame ann\u00e9e avec le sc\u00e9nario <strong>Apparence<\/strong>.<\/p>\n<p>Gr\u00e2ce \u00e0 ce premier prix, il se glisse sur les plateaux de tournage et apprend <i>sur le tas<\/i> en tant qu\u2019assistant-r\u00e9alisateur ou monteur, avec l\u2019envie de r\u00e9aliser ses propres films\u00a0: apr\u00e8s son premier court m\u00e9trage, <strong>Le Prof <\/strong>en 1999, il encha\u00eene une dizaine de courts m\u00e9trages r\u00e9compens\u00e9s dans de nombreux festivals, notamment <strong>Apparence <\/strong>\u00a0(2000), <strong>P\u2019tits Cadeaux <\/strong>(2004), <strong>Retrouvailles<\/strong> (2007) et <strong>P\u2019tite Pi\u00e8ce <\/strong>(2008), sans oublier un <em>documenteur<\/em>, <strong>Sur les traces des M\u00e9tempsychotiques<\/strong><i> (2009)<\/i>, diffus\u00e9 sur LCM dans une case documentaire.<\/p>\n<p>A partir de 2010, il r\u00e9alise\u00a0des\u00a0courts m\u00e9trages dans des conditions pro : ce sera <strong>Second Seuil<\/strong>, une fable\u00a0fantastique produite par <i>Tita Productions <\/i>et <i>Zo\u00efc Productions<\/i>, diffus\u00e9 sur\u00a0Canal Plus et TV5 Monde, puis\u00a0<strong>Hafida<\/strong>, produit par <em>Les Productions Solidaires<\/em>, une fable sociale\u00a0diffus\u00e9 sur TV5 Monde.<\/p>\n<p>Son dernier court, <strong>Rocambolesque<\/strong> (2016), produit par Les Films d\u2019Avalon et FastProd, est une com\u00e9die historique se d\u00e9roulant dans le milieu des feuilletonistes au XIXe si\u00e8cle, dont le sc\u00e9nario est laur\u00e9at de la bourse de l\u2019association Beaumarchais-SACD.<\/p>\n<p>En parall\u00e8le, il entre dans le milieu de la BD en 2004 quand Christophe Arleston lui propose de co\u00e9crire la s\u00e9rie <strong>L\u00e9o Loden<\/strong> \u00e0 partir du tome 16. Depuis, il sc\u00e9narise des projets de commande (<strong>L\u00e9o Passion Rugby<\/strong>, <strong>Nos Chers Voisins<\/strong>) et\u00a0des s\u00e9ries personnelles (<strong>D\u00f4mes<\/strong>)<i>.<\/i><\/p>\n<p>Passionn\u00e9 de th\u00e9orie sur l\u2019\u00e9criture de sc\u00e9nario, il lit r\u00e9guli\u00e8rement pour des producteurs et des comit\u00e9s de lecture et intervient ponctuellement comme consultant.<\/p>\n<p>Int\u00e9ress\u00e9 tant par la s\u00e9rie que le long m\u00e9trage, il privil\u00e9gie les projets singuliers et surprenants&#8230; notamment un premier roman de SF dont il r\u00eave depuis des ann\u00e9es&#8230;<\/p>\n<hr \/>\n<h3>Formations<\/h3>\n<ul>\n<li><strong>Masterclass John TRUBY\u00a0: Techniques avanc\u00e9es<\/strong> (2018) &#8211;\u00a0<strong>Genres essentiels<\/strong> (2014)\u00a0&#8211; <strong>Anatomie du Sc\u00e9nario<\/strong> (2010)\u00a0&#8211; Mille Sabords !<\/li>\n<li><strong>Fiction judiciaire et enqu\u00eate judiciaire<\/strong>\u00a0(2016 &#8211; CEEA)<\/li>\n<li><strong>Masterclass \u00ab Le sc\u00e9nario dans tous ses \u00e9tats \u00bb<\/strong> : Intervenants, Viki KING, Linda SEGER, Dara MARKS, William AKERS\u00a0(2015 &#8211; Dixit)<\/li>\n<li><strong>Le script-doctoring<\/strong> (2015 &#8211; MCLB, Cit\u00e9 du Cin\u00e9ma)<\/li>\n<li><strong>Du personnage \u00e9crit au personnage \u00e0 l&rsquo;\u00e9cran<\/strong> (2014 &#8211; CEEA et DreamAgo)<\/li>\n<li><strong>La Direction Litt\u00e9raire<\/strong> (2014 &#8211; CEEA)<\/li>\n<li><strong>Masterclass Robert McKEE\u00a0:<\/strong> <strong>Story<\/strong> (2013 &#8211; CEEA)<\/li>\n<li><strong>Ecrire la fiction t\u00e9l\u00e9 en 52<\/strong>\u2019 (2011 &#8211; CEEA)<\/li>\n<li>S\u00e9minaires <strong>THOT Fiction<\/strong> : <strong>Vision am\u00e9ricain<\/strong> (2001) &#8211; <strong>Mythes et sc\u00e9nario<\/strong> (2004) ;\u00a0Intervenants Pamela WALLACE, Linda SEGER, Kathie FONG-YONEDA&#8230;<\/li>\n<\/ul>\n<p>[\/vc_column_text][\/vc_column][\/vc_row]<\/p>\n","protected":false},"excerpt":{"rendered":"<p>[vc_row][vc_column][vc_column_text] Touche-\u00e0-tout insatiable,\u00a0Lo\u00efc NICOLOFF r\u00eave de cin\u00e9ma depuis L\u2019empire contre-attaque, premier film d\u00e9couvert sur grand \u00e9cran \u00e0 6 ans. Se nourrissant de litt\u00e9rature fantastique et de SF, admirateur de l\u2019\u0153uvre de Terry Pratchett, il commence \u00e0 \u00e9crire des sc\u00e9narios en 1998 et remporte le marathon&#8230;<\/p>\n","protected":false},"author":1,"featured_media":0,"parent":0,"menu_order":0,"comment_status":"closed","ping_status":"closed","template":"","meta":[],"_links":{"self":[{"href":"https:\/\/www.loicnicoloff.com\/index.php?rest_route=\/wp\/v2\/pages\/645"}],"collection":[{"href":"https:\/\/www.loicnicoloff.com\/index.php?rest_route=\/wp\/v2\/pages"}],"about":[{"href":"https:\/\/www.loicnicoloff.com\/index.php?rest_route=\/wp\/v2\/types\/page"}],"author":[{"embeddable":true,"href":"https:\/\/www.loicnicoloff.com\/index.php?rest_route=\/wp\/v2\/users\/1"}],"replies":[{"embeddable":true,"href":"https:\/\/www.loicnicoloff.com\/index.php?rest_route=%2Fwp%2Fv2%2Fcomments&post=645"}],"version-history":[{"count":30,"href":"https:\/\/www.loicnicoloff.com\/index.php?rest_route=\/wp\/v2\/pages\/645\/revisions"}],"predecessor-version":[{"id":1445,"href":"https:\/\/www.loicnicoloff.com\/index.php?rest_route=\/wp\/v2\/pages\/645\/revisions\/1445"}],"wp:attachment":[{"href":"https:\/\/www.loicnicoloff.com\/index.php?rest_route=%2Fwp%2Fv2%2Fmedia&parent=645"}],"curies":[{"name":"wp","href":"https:\/\/api.w.org\/{rel}","templated":true}]}}