{"id":1700,"date":"2021-06-22T07:30:50","date_gmt":"2021-06-22T06:30:50","guid":{"rendered":"http:\/\/www.loicnicoloff.com\/?page_id=1700"},"modified":"2024-11-27T09:03:23","modified_gmt":"2024-11-27T08:03:23","slug":"coda-playlist","status":"publish","type":"page","link":"https:\/\/www.loicnicoloff.com\/?page_id=1700","title":{"rendered":"CODA &#8211; Playlist"},"content":{"rendered":"\n<div class=\"wp-block-media-text alignwide is-stacked-on-mobile\"><figure class=\"wp-block-media-text__media\"><img decoding=\"async\" loading=\"lazy\" width=\"300\" height=\"268\" src=\"http:\/\/www.loicnicoloff.com\/wp-content\/uploads\/2021\/07\/PageTitre-300x268.jpg\" alt=\"\" class=\"wp-image-1755 size-full\" srcset=\"https:\/\/www.loicnicoloff.com\/wp-content\/uploads\/2021\/07\/PageTitre-300x268.jpg 300w, https:\/\/www.loicnicoloff.com\/wp-content\/uploads\/2021\/07\/PageTitre.jpg 688w\" sizes=\"(max-width: 300px) 100vw, 300px\" \/><\/figure><div class=\"wp-block-media-text__content\">\n<p class=\"has-large-font-size\"><strong>Playlist<\/strong><\/p>\n<\/div><\/div>\n\n\n\n<p><\/p>\n\n\n\n<p>Pour accompagner votre lecture, voil\u00e0 les morceaux de musique  cit\u00e9s dans le sc\u00e9nario.<\/p>\n\n\n\n<p>\u2022 <strong>Accord d&rsquo;orchestre<\/strong> (Orchestre de l&rsquo;Op\u00e9ra de Marseille)<\/p>\n\n\n\n<!--[if lt IE 9]><script>document.createElement('audio');<\/script><![endif]-->\n<audio class=\"wp-audio-shortcode\" id=\"audio-1700-1\" preload=\"none\" style=\"width: 100%;\" controls=\"controls\"><source type=\"audio\/mpeg\" src=\"http:\/\/www.loicnicoloff.com\/wp-content\/uploads\/2021\/06\/Accord-Orchestre.mp3?_=1\" \/><a href=\"http:\/\/www.loicnicoloff.com\/wp-content\/uploads\/2021\/06\/Accord-Orchestre.mp3\">http:\/\/www.loicnicoloff.com\/wp-content\/uploads\/2021\/06\/Accord-Orchestre.mp3<\/a><\/audio>\n\n\n\n<p><br>\u2022 <em>Seq. 1 : exemple de<\/em> <strong>Solo Piccolo<\/strong> (extrait de Adventures on Earth &#8211; John WILLIAMS)<\/p>\n\n\n\n<audio class=\"wp-audio-shortcode\" id=\"audio-1700-2\" preload=\"none\" style=\"width: 100%;\" controls=\"controls\"><source type=\"audio\/mpeg\" src=\"http:\/\/www.loicnicoloff.com\/wp-content\/uploads\/2021\/06\/AdventuresOnEarth-Piccolo.mp3?_=2\" \/><a href=\"http:\/\/www.loicnicoloff.com\/wp-content\/uploads\/2021\/06\/AdventuresOnEarth-Piccolo.mp3\">http:\/\/www.loicnicoloff.com\/wp-content\/uploads\/2021\/06\/AdventuresOnEarth-Piccolo.mp3<\/a><\/audio>\n\n\n\n<p><br>\u2022 <em>Seq. 17 :<\/em> <strong>Air du Br\u00e9silien<\/strong> &#8211; Jacques OFFENBACH (arrangements de Philippe SARDE)<\/p>\n\n\n\n<audio class=\"wp-audio-shortcode\" id=\"audio-1700-3\" preload=\"none\" style=\"width: 100%;\" controls=\"controls\"><source type=\"audio\/mpeg\" src=\"http:\/\/www.loicnicoloff.com\/wp-content\/uploads\/2021\/06\/Bresilien-Guignolo-Vaudeville-Sarde.mp3?_=3\" \/><a href=\"http:\/\/www.loicnicoloff.com\/wp-content\/uploads\/2021\/06\/Bresilien-Guignolo-Vaudeville-Sarde.mp3\">http:\/\/www.loicnicoloff.com\/wp-content\/uploads\/2021\/06\/Bresilien-Guignolo-Vaudeville-Sarde.mp3<\/a><\/audio>\n\n\n\n<p><br>\u2022<em> Seq. 19 :<\/em> <strong>Introduction et Rondo capriccioso<\/strong> &#8211; Camille SAINT-SA\u00cbNS<\/p>\n\n\n\n<audio class=\"wp-audio-shortcode\" id=\"audio-1700-4\" preload=\"none\" style=\"width: 100%;\" controls=\"controls\"><source type=\"audio\/mpeg\" src=\"http:\/\/www.loicnicoloff.com\/wp-content\/uploads\/2021\/06\/04-Introduction-et-Rondo-capriccioso.mp3?_=4\" \/><a href=\"http:\/\/www.loicnicoloff.com\/wp-content\/uploads\/2021\/06\/04-Introduction-et-Rondo-capriccioso.mp3\">http:\/\/www.loicnicoloff.com\/wp-content\/uploads\/2021\/06\/04-Introduction-et-Rondo-capriccioso.mp3<\/a><\/audio>\n\n\n\n<p><\/p>\n\n\n\n<p>\u2022  <em>Seq. 27 :<\/em> <strong>The Musicians Play Their Instruments\u2026<\/strong> &#8211; Daniel PEMBERTON<\/p>\n\n\n\n<audio class=\"wp-audio-shortcode\" id=\"audio-1700-5\" preload=\"none\" style=\"width: 100%;\" controls=\"controls\"><source type=\"audio\/mpeg\" src=\"http:\/\/www.loicnicoloff.com\/wp-content\/uploads\/2021\/06\/01-The-Musicians-Play-Their-Instruments.mp3?_=5\" \/><a href=\"http:\/\/www.loicnicoloff.com\/wp-content\/uploads\/2021\/06\/01-The-Musicians-Play-Their-Instruments.mp3\">http:\/\/www.loicnicoloff.com\/wp-content\/uploads\/2021\/06\/01-The-Musicians-Play-Their-Instruments.mp3<\/a><\/audio>\n\n\n\n<p><br>\u2022 <em>Seq. 28 :<\/em> Fin de<strong> Rhapsodie in Blue<\/strong> &#8211; Georges GERSCHWIN<\/p>\n\n\n\n<audio class=\"wp-audio-shortcode\" id=\"audio-1700-6\" preload=\"none\" style=\"width: 100%;\" controls=\"controls\"><source type=\"audio\/mpeg\" src=\"http:\/\/www.loicnicoloff.com\/wp-content\/uploads\/2021\/06\/Coda-Rhapsodie-in-Blue.mp3?_=6\" \/><a href=\"http:\/\/www.loicnicoloff.com\/wp-content\/uploads\/2021\/06\/Coda-Rhapsodie-in-Blue.mp3\">http:\/\/www.loicnicoloff.com\/wp-content\/uploads\/2021\/06\/Coda-Rhapsodie-in-Blue.mp3<\/a><\/audio>\n\n\n\n<p><br>\u2022 <em>Seq. 37 :<\/em><strong> Morceau final<\/strong> <strong>de CODA<\/strong>, <em>partie improvis\u00e9e<\/em> &#8211; Maquette &#8211; Mathieu ALVADO<\/p>\n\n\n\n<audio class=\"wp-audio-shortcode\" id=\"audio-1700-7\" preload=\"none\" style=\"width: 100%;\" controls=\"controls\"><source type=\"audio\/wav\" src=\"http:\/\/www.loicnicoloff.com\/wp-content\/uploads\/2021\/06\/coda-maquette-v2.wav?_=7\" \/><a href=\"http:\/\/www.loicnicoloff.com\/wp-content\/uploads\/2021\/06\/coda-maquette-v2.wav\">http:\/\/www.loicnicoloff.com\/wp-content\/uploads\/2021\/06\/coda-maquette-v2.wav<\/a><\/audio>\n","protected":false},"excerpt":{"rendered":"<p>Playlist Pour accompagner votre lecture, voil\u00e0 les morceaux de musique cit\u00e9s dans le sc\u00e9nario. \u2022 Accord d&rsquo;orchestre (Orchestre de l&rsquo;Op\u00e9ra de Marseille) http:\/\/www.loicnicoloff.com\/wp-content\/uploads\/2021\/06\/Accord-Orchestre.mp3 \u2022 Seq. 1 : exemple de Solo Piccolo (extrait de Adventures on Earth &#8211; John WILLIAMS) http:\/\/www.loicnicoloff.com\/wp-content\/uploads\/2021\/06\/AdventuresOnEarth-Piccolo.mp3 \u2022 Seq. 17 : Air&#8230;<\/p>\n","protected":false},"author":1,"featured_media":0,"parent":0,"menu_order":0,"comment_status":"closed","ping_status":"closed","template":"","meta":[],"_links":{"self":[{"href":"https:\/\/www.loicnicoloff.com\/index.php?rest_route=\/wp\/v2\/pages\/1700"}],"collection":[{"href":"https:\/\/www.loicnicoloff.com\/index.php?rest_route=\/wp\/v2\/pages"}],"about":[{"href":"https:\/\/www.loicnicoloff.com\/index.php?rest_route=\/wp\/v2\/types\/page"}],"author":[{"embeddable":true,"href":"https:\/\/www.loicnicoloff.com\/index.php?rest_route=\/wp\/v2\/users\/1"}],"replies":[{"embeddable":true,"href":"https:\/\/www.loicnicoloff.com\/index.php?rest_route=%2Fwp%2Fv2%2Fcomments&post=1700"}],"version-history":[{"count":28,"href":"https:\/\/www.loicnicoloff.com\/index.php?rest_route=\/wp\/v2\/pages\/1700\/revisions"}],"predecessor-version":[{"id":1921,"href":"https:\/\/www.loicnicoloff.com\/index.php?rest_route=\/wp\/v2\/pages\/1700\/revisions\/1921"}],"wp:attachment":[{"href":"https:\/\/www.loicnicoloff.com\/index.php?rest_route=%2Fwp%2Fv2%2Fmedia&parent=1700"}],"curies":[{"name":"wp","href":"https:\/\/api.w.org\/{rel}","templated":true}]}}